{"id":234823,"date":"2022-01-31T13:19:51","date_gmt":"2022-01-31T12:19:51","guid":{"rendered":"https:\/\/www.ibh-herold.de\/job-offers\/"},"modified":"2022-08-08T13:31:07","modified_gmt":"2022-08-08T11:31:07","slug":"job-offers","status":"publish","type":"page","link":"https:\/\/www.ibh-herold.de\/en\/job-offers\/","title":{"rendered":"Job offers"},"content":{"rendered":"\n[et_pb_section fb_built=&#8221;1&#8243; disabled_on=&#8221;off|off|off&#8221; admin_label=&#8221;Hero Section&#8221; _builder_version=&#8221;4.9.0&#8243; background_color=&#8221;#7F7F7F&#8221; background_enable_color=&#8221;on&#8221; background_color_gradient_direction=&#8221;105deg&#8221; background_enable_image=&#8221;off&#8221; parallax=&#8221;on&#8221; custom_padding=&#8221;0px|0px|0px|0px|false|false&#8221; top_divider_color=&#8221;#4c4c4c&#8221; top_divider_height=&#8221;20px&#8221; top_divider_flip=&#8221;horizontal&#8221; bottom_divider_color=&#8221;#4c4c4c&#8221; bottom_divider_height=&#8221;20px&#8221; bottom_divider_flip=&#8221;horizontal&#8221; global_colors_info=&#8221;{}&#8221; background_color_gradient_direction__hover=&#8221;180deg&#8221; background_color_gradient_direction__hover_enabled=&#8221;180deg&#8221; background_color_gradient_start_position__hover=&#8221;0%&#8221; background_color_gradient_start_position__hover_enabled=&#8221;0%&#8221; background_color_gradient_end_position__hover=&#8221;100%&#8221; background_color_gradient_end_position__hover_enabled=&#8221;100%&#8221;][et_pb_row custom_padding_last_edited=&#8221;on|desktop&#8221; _builder_version=&#8221;4.9.0&#8243; use_background_color_gradient=&#8221;on&#8221; background_color_gradient_start=&#8221;rgba(0,0,0,0.2)&#8221; background_color_gradient_end=&#8221;rgba(0,0,0,0)&#8221; background_color_gradient_direction=&#8221;105deg&#8221; background_color_gradient_start_position=&#8221;30%&#8221; background_color_gradient_end_position=&#8221;30%&#8221; background_size=&#8221;initial&#8221; background_position=&#8221;top_left&#8221; background_repeat=&#8221;repeat&#8221; width=&#8221;100%&#8221; max_width=&#8221;100%&#8221; custom_padding=&#8221;|||5%|false|false&#8221; custom_padding_tablet=&#8221;100px|||50px|false|false&#8221; custom_padding_phone=&#8221;|||35px|false|false&#8221; global_colors_info=&#8221;{}&#8221;][et_pb_column type=&#8221;4_4&#8243; _builder_version=&#8221;4.5.1&#8243; custom_padding=&#8221;|||&#8221; global_colors_info=&#8221;{}&#8221; custom_padding__hover=&#8221;|||&#8221;][et_pb_blurb title=&#8221;Stellenanzeigen \/ Teamverst\u00e4rkung&#8221; alt=&#8221;Icon Planung \/ Statik&#8221; icon_placement=&#8221;left&#8221; image_icon_width=&#8221;48px&#8221; content_max_width=&#8221;100%&#8221; content_max_width_tablet=&#8221;&#8221; content_max_width_phone=&#8221;&#8221; content_max_width_last_edited=&#8221;on|desktop&#8221; module_class=&#8221;hyphens-man&#8221; _builder_version=&#8221;4.13.0&#8243; header_level=&#8221;h1&#8243; header_text_align=&#8221;left&#8221; header_font_size=&#8221;1.8rem&#8221; header_line_height=&#8221;2em&#8221; body_font=&#8221;|600|||||||&#8221; body_text_align=&#8221;left&#8221; background_enable_color=&#8221;off&#8221; positioning=&#8221;relative&#8221; vertical_offset=&#8221;0px&#8221; horizontal_offset=&#8221;-17px&#8221; horizontal_offset_tablet=&#8221;&#8221; horizontal_offset_phone=&#8221;0px&#8221; horizontal_offset_last_edited=&#8221;on|desktop&#8221; background_layout=&#8221;dark&#8221; module_alignment=&#8221;center&#8221; custom_margin_tablet=&#8221;||||false|false&#8221; custom_margin_phone=&#8221;&#8221; custom_margin_last_edited=&#8221;on|phone&#8221; custom_padding_tablet=&#8221;&#8221; custom_padding_phone=&#8221;&#8221; custom_padding_last_edited=&#8221;on|desktop&#8221; animation_style=&#8221;fold&#8221; animation_direction=&#8221;bottom&#8221; animation_intensity_fold=&#8221;20%&#8221; animation_starting_opacity=&#8221;100%&#8221; border_radii=&#8221;on|5px|5px|5px|5px&#8221; image_max_width=&#8221;48px&#8221; icon_font_size=&#8221;60px&#8221; global_module=&#8221;230256&#8243; saved_tabs=&#8221;all&#8221; global_colors_info=&#8221;{}&#8221;][\/et_pb_blurb][\/et_pb_column][\/et_pb_row][\/et_pb_section][et_pb_section fb_built=&#8221;1&#8243; _builder_version=&#8221;4.5.1&#8243; _module_preset=&#8221;default&#8221; background_color=&#8221;#474747&#8243; global_colors_info=&#8221;{}&#8221;][et_pb_row _builder_version=&#8221;4.5.1&#8243; _module_preset=&#8221;default&#8221; background_enable_color=&#8221;off&#8221; custom_margin=&#8221;-1px|auto|-30px|auto||&#8221; custom_padding=&#8221;0px|||||&#8221; global_colors_info=&#8221;{}&#8221;][et_pb_column type=&#8221;4_4&#8243; _builder_version=&#8221;4.5.1&#8243; _module_preset=&#8221;default&#8221; global_colors_info=&#8221;{}&#8221;][et_pb_text _builder_version=&#8221;4.9.2&#8243; _module_preset=&#8221;default&#8221; text_font=&#8221;||on||||||&#8221; text_text_color=&#8221;#00ae00&#8243; header_font=&#8221;||||||||&#8221; header_text_color=&#8221;#00ae00&#8243; header_line_height=&#8221;1.4em&#8221; header_2_text_color=&#8221;#00ae00&#8243; header_2_font_size=&#8221;30px&#8221; header_2_line_height=&#8221;1.4em&#8221; background_enable_color=&#8221;off&#8221; background_layout=&#8221;dark&#8221; width=&#8221;120%&#8221; width_tablet=&#8221;100%&#8221; width_phone=&#8221;&#8221; width_last_edited=&#8221;on|tablet&#8221; global_module=&#8221;230111&#8243; saved_tabs=&#8221;all&#8221; global_colors_info=&#8221;{}&#8221;]<h2>Aktuelle Stellenanzeigen<\/h2>[\/et_pb_text][\/et_pb_column][\/et_pb_row][\/et_pb_section][et_pb_section fb_built=&#8221;1&#8243; admin_label=&#8221;About Section&#8221; _builder_version=&#8221;4.6.1&#8243; background_color=&#8221;#e6e6e6&#8243; use_background_color_gradient=&#8221;on&#8221; background_color_gradient_start=&#8221;#a5a5a5&#8243; background_color_gradient_end=&#8221;#7f7f7f&#8221; background_color_gradient_direction=&#8221;105deg&#8221; background_color_gradient_start_position=&#8221;20%&#8221; background_color_gradient_end_position=&#8221;20%&#8221; top_divider_color=&#8221;#4c4c4c&#8221; top_divider_height=&#8221;20px&#8221; top_divider_flip=&#8221;horizontal&#8221; background_last_edited=&#8221;on|phone&#8221; background_color_gradient_start_position_phone=&#8221;15%&#8221; background_color_gradient_end_position_phone=&#8221;15%&#8221; border_width_bottom=&#8221;1px&#8221; border_color_bottom=&#8221;#d6d6d6&#8243; global_colors_info=&#8221;{}&#8221;][et_pb_row _builder_version=&#8221;4.5.1&#8243; _module_preset=&#8221;default&#8221; global_colors_info=&#8221;{}&#8221;][et_pb_column type=&#8221;4_4&#8243; _builder_version=&#8221;4.5.1&#8243; _module_preset=&#8221;default&#8221; global_colors_info=&#8221;{}&#8221;][et_pb_cta title=&#8221;Sekret\u00e4r (m\/w\/d)&#8221; button_url=&#8221;https:\/\/www.ibh-herold.de\/bewerbung?jobtitle=Sekret\u00e4r%20(m\/w\/d)&#8221; button_text=&#8221;Jetzt bewerben&#8221; _builder_version=&#8221;4.14.7&#8243; _module_preset=&#8221;default&#8221; header_level=&#8221;h3&#8243; header_text_align=&#8221;left&#8221; header_font_size=&#8221;30px&#8221; background_color=&#8221;rgba(0,0,0,0.2)&#8221; button_alignment=&#8221;left&#8221; text_orientation=&#8221;left&#8221; hover_enabled=&#8221;0&#8243; border_radii=&#8221;on|5px|5px|5px|5px&#8221; box_shadow_style=&#8221;preset3&#8243; global_colors_info=&#8221;{}&#8221; sticky_enabled=&#8221;0&#8243;]<p>Zur Verst\u00e4rkung unseres Teams suchen wir f\u00fcr unsere Betriebsst\u00e4tte in Weimar-Legefeld Sekret\u00e4re\/Sekret\u00e4rinnen (m\/w\/d) als Vollzeitstelle. Zu den Aufgaben geh\u00f6ren allgemeine Sekretariatsarbeiten, Betreuung von Kunden, Bearbeitung von Gesch\u00e4ftspost, etc. Kenntnissen in Microsoft Office, Maschinenschreiben, Schreiben nach Phonodiktat sowie Englischkenntnissen sehen wir gern entgegen.<\/p>[\/et_pb_cta][\/et_pb_column][\/et_pb_row][\/et_pb_section][et_pb_section fb_built=&#8221;1&#8243; _builder_version=&#8221;4.6.1&#8243; _module_preset=&#8221;default&#8221; use_background_color_gradient=&#8221;on&#8221; background_color_gradient_start=&#8221;#7f7f7f&#8221; background_color_gradient_end=&#8221;#a5a5a5&#8243; background_color_gradient_direction=&#8221;105deg&#8221; background_color_gradient_start_position=&#8221;80%&#8221; background_color_gradient_end_position=&#8221;80%&#8221; background_last_edited=&#8221;on|phone&#8221; background_color_gradient_start_position_phone=&#8221;85%&#8221; background_color_gradient_end_position_phone=&#8221;85%&#8221; border_width_bottom=&#8221;1px&#8221; border_color_bottom=&#8221;#d6d6d6&#8243; global_colors_info=&#8221;{}&#8221;][et_pb_row _builder_version=&#8221;4.5.1&#8243; _module_preset=&#8221;default&#8221; global_colors_info=&#8221;{}&#8221;][et_pb_column type=&#8221;4_4&#8243; _builder_version=&#8221;4.5.1&#8243; _module_preset=&#8221;default&#8221; global_colors_info=&#8221;{}&#8221;][et_pb_cta title=&#8221;Konstrukteur \/ Bauzeichner (m\/w\/d)&#8221; button_url=&#8221;https:\/\/www.ibh-herold.de\/bewerbung?jobtitle=Konstrukteur%20\/%20Bauzeichner%20(m\/w\/d)&#8221; button_text=&#8221;Jetzt bewerben&#8221; _builder_version=&#8221;4.14.7&#8243; _module_preset=&#8221;default&#8221; header_level=&#8221;h3&#8243; header_text_align=&#8221;left&#8221; header_font_size=&#8221;30px&#8221; background_color=&#8221;rgba(0,0,0,0.2)&#8221; button_alignment=&#8221;left&#8221; text_orientation=&#8221;left&#8221; border_radii=&#8221;on|5px|5px|5px|5px&#8221; box_shadow_style=&#8221;preset3&#8243; global_colors_info=&#8221;{}&#8221;]<p>Wir suchen Konstrukteure\/Bauzeichner (m\/w\/d). Die Stellen sind unbefristet und umfassten anspruchsvolle und abwechslungsreiche Konstruktionsaufgaben in 2D sowie die Erstellung von Entwurfs- und Ausf\u00fchrungszeichnungen, Schal- und Bewehrungspl\u00e4nen und BIM-konforme 3D Planung. Wir nutzen ALLPLAN und STRAKON als CAD Software.<\/p>[\/et_pb_cta][\/et_pb_column][\/et_pb_row][\/et_pb_section][et_pb_section fb_built=&#8221;1&#8243; admin_label=&#8221;About Section&#8221; _builder_version=&#8221;4.6.1&#8243; background_color=&#8221;#e6e6e6&#8243; use_background_color_gradient=&#8221;on&#8221; background_color_gradient_start=&#8221;#a5a5a5&#8243; background_color_gradient_end=&#8221;#7f7f7f&#8221; background_color_gradient_direction=&#8221;105deg&#8221; background_color_gradient_start_position=&#8221;20%&#8221; background_color_gradient_end_position=&#8221;20%&#8221; top_divider_color=&#8221;#4c4c4c&#8221; top_divider_height=&#8221;20px&#8221; top_divider_flip=&#8221;horizontal&#8221; background_last_edited=&#8221;on|phone&#8221; background_color_gradient_start_position_phone=&#8221;15%&#8221; background_color_gradient_end_position_phone=&#8221;15%&#8221; border_width_bottom=&#8221;1px&#8221; border_color_bottom=&#8221;#d6d6d6&#8243; global_colors_info=&#8221;{}&#8221;][et_pb_row _builder_version=&#8221;4.5.1&#8243; _module_preset=&#8221;default&#8221; global_colors_info=&#8221;{}&#8221;][et_pb_column type=&#8221;4_4&#8243; _builder_version=&#8221;4.5.1&#8243; _module_preset=&#8221;default&#8221; global_colors_info=&#8221;{}&#8221;][et_pb_cta title=&#8221;Bauingenieur Geotechnik (m\/w\/d)&#8221; button_url=&#8221;https:\/\/www.ibh-herold.de\/bewerbung?jobtitle=Bauingenieur%20Geotechnik%20(m\/w\/d)&#8221; button_text=&#8221;Jetzt bewerben&#8221; _builder_version=&#8221;4.14.7&#8243; _module_preset=&#8221;default&#8221; header_level=&#8221;h3&#8243; header_text_align=&#8221;left&#8221; header_font_size=&#8221;30px&#8221; background_color=&#8221;rgba(0,0,0,0.2)&#8221; button_alignment=&#8221;left&#8221; text_orientation=&#8221;left&#8221; border_radii=&#8221;on|5px|5px|5px|5px&#8221; box_shadow_style=&#8221;preset3&#8243; global_colors_info=&#8221;{}&#8221;]<p>Wir suchen zur Verst\u00e4rkung unseres Team Geotechniker \/ Geologen (m\/w\/d). Die Stellen sind unbefristet und umfassen die Erstellung von Baugrundgutachten, Geotechnischen Berichten und Expertisen, die Planung, Ausschreibung und \u00dcberwachung von bodenmechanischen Laborversuchen und Baugrundaufschlussbohrungen.<\/p>[\/et_pb_cta][\/et_pb_column][\/et_pb_row][\/et_pb_section][et_pb_section fb_built=&#8221;1&#8243; _builder_version=&#8221;4.6.1&#8243; _module_preset=&#8221;default&#8221; use_background_color_gradient=&#8221;on&#8221; background_color_gradient_start=&#8221;#7f7f7f&#8221; background_color_gradient_end=&#8221;#a5a5a5&#8243; background_color_gradient_direction=&#8221;105deg&#8221; background_color_gradient_start_position=&#8221;80%&#8221; background_color_gradient_end_position=&#8221;80%&#8221; background_last_edited=&#8221;on|phone&#8221; background_color_gradient_start_position_phone=&#8221;85%&#8221; background_color_gradient_end_position_phone=&#8221;85%&#8221; border_width_bottom=&#8221;1px&#8221; border_color_bottom=&#8221;#d6d6d6&#8243; global_colors_info=&#8221;{}&#8221;][et_pb_row _builder_version=&#8221;4.5.1&#8243; _module_preset=&#8221;default&#8221; global_colors_info=&#8221;{}&#8221;][et_pb_column type=&#8221;4_4&#8243; _builder_version=&#8221;4.5.1&#8243; _module_preset=&#8221;default&#8221; global_colors_info=&#8221;{}&#8221;][et_pb_cta title=&#8221;Statiker \/ Planungsingenieur (m\/w\/d)&#8221; button_url=&#8221;https:\/\/www.ibh-herold.de\/bewerbung?jobtitle=Statiker%20\/%20Planungsingenieur%20(m\/w\/d)&#8221; button_text=&#8221;Jetzt bewerben&#8221; _builder_version=&#8221;4.14.7&#8243; _module_preset=&#8221;default&#8221; header_level=&#8221;h3&#8243; header_text_align=&#8221;left&#8221; header_font_size=&#8221;30px&#8221; background_color=&#8221;rgba(0,0,0,0.2)&#8221; button_alignment=&#8221;left&#8221; text_orientation=&#8221;left&#8221; border_radii=&#8221;on|5px|5px|5px|5px&#8221; box_shadow_style=&#8221;preset3&#8243; global_colors_info=&#8221;{}&#8221;]<p>Wir suchen Statiker \/ Planungsingenieure (m\/w\/d) mit Erfahrung im Spezialtiefbau \/ Ingenieurbau. Die Stellen sind unbefristet und umfassten Planung von Ingenieur- und Br\u00fcckenbauwerken und geotechnisch anspruchsvollen Sonderbauwerken.<\/p>[\/et_pb_cta][\/et_pb_column][\/et_pb_row][\/et_pb_section][et_pb_section fb_built=&#8221;1&#8243; admin_label=&#8221;About Section&#8221; _builder_version=&#8221;4.6.1&#8243; background_color=&#8221;#e6e6e6&#8243; use_background_color_gradient=&#8221;on&#8221; background_color_gradient_start=&#8221;#a5a5a5&#8243; background_color_gradient_end=&#8221;#7f7f7f&#8221; background_color_gradient_direction=&#8221;105deg&#8221; background_color_gradient_start_position=&#8221;20%&#8221; background_color_gradient_end_position=&#8221;20%&#8221; top_divider_color=&#8221;#4c4c4c&#8221; top_divider_height=&#8221;20px&#8221; top_divider_flip=&#8221;horizontal&#8221; background_last_edited=&#8221;on|phone&#8221; background_color_gradient_start_position_phone=&#8221;15%&#8221; background_color_gradient_end_position_phone=&#8221;15%&#8221; border_width_bottom=&#8221;1px&#8221; border_color_bottom=&#8221;#d6d6d6&#8243; global_colors_info=&#8221;{}&#8221;][et_pb_row _builder_version=&#8221;4.5.1&#8243; _module_preset=&#8221;default&#8221; global_colors_info=&#8221;{}&#8221;][et_pb_column type=&#8221;4_4&#8243; _builder_version=&#8221;4.5.1&#8243; _module_preset=&#8221;default&#8221; global_colors_info=&#8221;{}&#8221;][et_pb_cta title=&#8221;Baustoffpr\u00fcfer (m\/w\/d)&#8221; button_url=&#8221;https:\/\/www.ibh-herold.de\/bewerbung?jobtitle=Baustoffpr\u00fcfer%20(m\/w\/d)&#8221; button_text=&#8221;Jetzt bewerben&#8221; _builder_version=&#8221;4.14.7&#8243; _module_preset=&#8221;default&#8221; header_level=&#8221;h3&#8243; header_text_align=&#8221;left&#8221; header_font_size=&#8221;30px&#8221; background_color=&#8221;rgba(0,0,0,0.2)&#8221; button_alignment=&#8221;left&#8221; text_orientation=&#8221;left&#8221; border_radii=&#8221;on|5px|5px|5px|5px&#8221; box_shadow_style=&#8221;preset3&#8243; global_colors_info=&#8221;{}&#8221;]<p>Wir suchen f\u00fcr unsere Betriebsst\u00e4tte in Weimar-Legefeld Baustoffpr\u00fcfer (m\/w\/d) als Vollzeitarbeitskr\u00e4fte. Die Stellen sind unbefristet und umfassen bodenmechanische Laborversuche sowie geotechnische Feldversuche und Pr\u00fcfungen. Sie sollten anwendbares Fachwissen, Leistungs- und Montagebereitschaft mitbringen.<\/p>[\/et_pb_cta][\/et_pb_column][\/et_pb_row][\/et_pb_section][et_pb_section fb_built=&#8221;1&#8243; _builder_version=&#8221;4.6.1&#8243; _module_preset=&#8221;default&#8221; use_background_color_gradient=&#8221;on&#8221; background_color_gradient_start=&#8221;#7f7f7f&#8221; background_color_gradient_end=&#8221;#a5a5a5&#8243; background_color_gradient_direction=&#8221;105deg&#8221; background_color_gradient_start_position=&#8221;80%&#8221; background_color_gradient_end_position=&#8221;80%&#8221; background_last_edited=&#8221;on|phone&#8221; background_color_gradient_start_position_phone=&#8221;85%&#8221; background_color_gradient_end_position_phone=&#8221;85%&#8221; border_width_bottom=&#8221;1px&#8221; border_color_bottom=&#8221;#d6d6d6&#8243; global_colors_info=&#8221;{}&#8221;][et_pb_row _builder_version=&#8221;4.5.1&#8243; _module_preset=&#8221;default&#8221; global_colors_info=&#8221;{}&#8221;][et_pb_column type=&#8221;4_4&#8243; _builder_version=&#8221;4.5.1&#8243; _module_preset=&#8221;default&#8221; global_colors_info=&#8221;{}&#8221;][et_pb_cta title=&#8221;Bohrfacharbeiter \/ Ger\u00e4tef\u00fchrer (m\/w\/d)&#8221; button_url=&#8221;https:\/\/www.ibh-herold.de\/bewerbung?jobtitle=Bohrfacharbeiter%20\/%20Ger\u00e4tef\u00fchrer%20(m\/w\/d)&#8221; button_text=&#8221;Jetzt bewerben&#8221; _builder_version=&#8221;4.14.7&#8243; _module_preset=&#8221;default&#8221; header_level=&#8221;h3&#8243; header_text_align=&#8221;left&#8221; header_font_size=&#8221;30px&#8221; background_color=&#8221;rgba(0,0,0,0.2)&#8221; button_alignment=&#8221;left&#8221; text_orientation=&#8221;left&#8221; border_radii=&#8221;on|5px|5px|5px|5px&#8221; box_shadow_style=&#8221;preset3&#8243; global_colors_info=&#8221;{}&#8221;]<p>Wir suchen f\u00fcr den Einsatz auf unseren Bohrger\u00e4ten Bohrfacharbeiter \/ Ger\u00e4tef\u00fchrer in Vollzeit. Die Stellen sind unbefristet und umfassen die Ausf\u00fchrung von Gro\u00df- und Geothermiebohrungen, Pegel- und Brunnenbohrungen. Sie sollten anwendbares Fachwissen, Leistungs- und Montagebereitschaft mitbringen.<\/p>[\/et_pb_cta][\/et_pb_column][\/et_pb_row][\/et_pb_section]\n","protected":false},"excerpt":{"rendered":"<p>Aktuelle StellenanzeigenZur Verst\u00e4rkung unseres Teams suchen wir f\u00fcr unsere Betriebsst\u00e4tte in Weimar-Legefeld Sekret\u00e4re\/Sekret\u00e4rinnen (m\/w\/d) als Vollzeitstelle. Zu den Aufgaben geh\u00f6ren allgemeine Sekretariatsarbeiten, Betreuung von Kunden, Bearbeitung von Gesch\u00e4ftspost, etc. Kenntnissen in Microsoft Office, Maschinenschreiben, Schreiben nach Phonodiktat sowie Englischkenntnissen sehen wir gern entgegen.Wir suchen Konstrukteure\/Bauzeichner (m\/w\/d). Die Stellen sind unbefristet und umfassten anspruchsvolle und abwechslungsreiche [&hellip;]<\/p>\n","protected":false},"author":3,"featured_media":0,"parent":0,"menu_order":260,"comment_status":"closed","ping_status":"closed","template":"","meta":{"_et_pb_use_builder":"on","_et_pb_old_content":"","_et_gb_content_width":"","footnotes":""},"class_list":["post-234823","page","type-page","status-publish","hentry"],"aioseo_notices":[],"_links":{"self":[{"href":"https:\/\/www.ibh-herold.de\/en\/wp-json\/wp\/v2\/pages\/234823","targetHints":{"allow":["GET"]}}],"collection":[{"href":"https:\/\/www.ibh-herold.de\/en\/wp-json\/wp\/v2\/pages"}],"about":[{"href":"https:\/\/www.ibh-herold.de\/en\/wp-json\/wp\/v2\/types\/page"}],"author":[{"embeddable":true,"href":"https:\/\/www.ibh-herold.de\/en\/wp-json\/wp\/v2\/users\/3"}],"replies":[{"embeddable":true,"href":"https:\/\/www.ibh-herold.de\/en\/wp-json\/wp\/v2\/comments?post=234823"}],"version-history":[{"count":71,"href":"https:\/\/www.ibh-herold.de\/en\/wp-json\/wp\/v2\/pages\/234823\/revisions"}],"predecessor-version":[{"id":235267,"href":"https:\/\/www.ibh-herold.de\/en\/wp-json\/wp\/v2\/pages\/234823\/revisions\/235267"}],"wp:attachment":[{"href":"https:\/\/www.ibh-herold.de\/en\/wp-json\/wp\/v2\/media?parent=234823"}],"curies":[{"name":"wp","href":"https:\/\/api.w.org\/{rel}","templated":true}]}}